{"id":15,"date":"2020-06-30T15:21:50","date_gmt":"2020-06-30T15:21:50","guid":{"rendered":"https:\/\/kaos84.com\/?page_id=15"},"modified":"2024-02-12T17:14:01","modified_gmt":"2024-02-12T17:14:01","slug":"sound","status":"publish","type":"page","link":"https:\/\/kaos84.com\/en\/sound\/","title":{"rendered":"SOUND"},"content":{"rendered":"<div class=\"wp-block-columns alignwide is-layout-flex wp-container-core-columns-is-layout-28f84493 wp-block-columns-is-layout-flex\">\n<div class=\"wp-block-column is-layout-flow wp-block-column-is-layout-flow\">\n<figure class=\"wp-block-image size-full\"><img loading=\"lazy\" decoding=\"async\" width=\"192\" height=\"96\" src=\"https:\/\/kaos84.com\/wp-content\/uploads\/2024\/02\/IMG_0682.jpeg\" alt=\"\" class=\"wp-image-15593\" srcset=\"https:\/\/kaos84.com\/wp-content\/uploads\/2024\/02\/IMG_0682.jpeg 192w, https:\/\/kaos84.com\/wp-content\/uploads\/2024\/02\/IMG_0682-18x9.jpeg 18w\" sizes=\"auto, (max-width: 192px) 100vw, 192px\" \/><\/figure>\n\n\n\n<h4 class=\"wp-block-heading\">Welcome to my acoustic universe! <\/h4>\n\n\n\n<figure class=\"wp-block-image size-full is-resized\"><img loading=\"lazy\" decoding=\"async\" width=\"192\" height=\"96\" src=\"https:\/\/kaos84.com\/wp-content\/uploads\/2024\/02\/IMG_0682.jpeg\" alt=\"\" class=\"wp-image-15593\" style=\"width:74px;height:auto\" srcset=\"https:\/\/kaos84.com\/wp-content\/uploads\/2024\/02\/IMG_0682.jpeg 192w, https:\/\/kaos84.com\/wp-content\/uploads\/2024\/02\/IMG_0682-18x9.jpeg 18w\" sizes=\"auto, (max-width: 192px) 100vw, 192px\" \/><\/figure>\n\n\n\n<p>Here I share my musical creations, which range from electronic tracks and beats to experimental sounds. The oldest published tracks are from 2004 and my sound spectrum has influences from classic techno, acid, minimal and Detroit as well as psy elements and hypnotic touches. Meanwhile I also create instrumental beats, which is more in the classic beats era. <\/p>\n\n\n\n<p>You can also find my instrumental beats here, which I produced for recordings and of course just for listening. You can listen to all tracks directly here and if you are interested in a licence, just click on&nbsp;<a href=\"https:\/\/beatstars.com\/kaos84beats\"><strong>Beatstars.com\/kaos84beats<\/strong><\/a>&nbsp;.&nbsp;<\/p>\n\n\n\n<figure class=\"wp-block-image size-full is-resized\"><img loading=\"lazy\" decoding=\"async\" width=\"192\" height=\"96\" src=\"https:\/\/kaos84.com\/wp-content\/uploads\/2024\/02\/IMG_0682.jpeg\" alt=\"\" class=\"wp-image-15593\" style=\"width:40px;height:auto\" srcset=\"https:\/\/kaos84.com\/wp-content\/uploads\/2024\/02\/IMG_0682.jpeg 192w, https:\/\/kaos84.com\/wp-content\/uploads\/2024\/02\/IMG_0682-18x9.jpeg 18w\" sizes=\"auto, (max-width: 192px) 100vw, 192px\" \/><\/figure>\n\n\n\n<div class=\"wp-block-group has-global-padding is-layout-constrained wp-block-group-is-layout-constrained\">\n<ul class=\"wp-block-social-links alignleft has-normal-icon-size is-content-justification-center is-layout-flex wp-container-core-social-links-is-layout-a89b3969 wp-block-social-links-is-layout-flex\"><li class=\"wp-social-link wp-social-link-soundcloud  wp-block-social-link\"><a href=\"https:\/\/soundcloud.com\/chriskaos84\" class=\"wp-block-social-link-anchor\"><svg width=\"24\" height=\"24\" viewbox=\"0 0 24 24\" version=\"1.1\" xmlns=\"http:\/\/www.w3.org\/2000\/svg\" aria-hidden=\"true\" focusable=\"false\"><path d=\"M8.9,16.1L9,14L8.9,9.5c0-0.1,0-0.1-0.1-0.1c0,0-0.1-0.1-0.1-0.1c-0.1,0-0.1,0-0.1,0.1c0,0-0.1,0.1-0.1,0.1L8.3,14l0.1,2.1 c0,0.1,0,0.1,0.1,0.1c0,0,0.1,0.1,0.1,0.1C8.8,16.3,8.9,16.3,8.9,16.1z M11.4,15.9l0.1-1.8L11.4,9c0-0.1,0-0.2-0.1-0.2 c0,0-0.1,0-0.1,0s-0.1,0-0.1,0c-0.1,0-0.1,0.1-0.1,0.2l0,0.1l-0.1,5c0,0,0,0.7,0.1,2v0c0,0.1,0,0.1,0.1,0.1c0.1,0.1,0.1,0.1,0.2,0.1 c0.1,0,0.1,0,0.2-0.1c0.1,0,0.1-0.1,0.1-0.2L11.4,15.9z M2.4,12.9L2.5,14l-0.2,1.1c0,0.1,0,0.1-0.1,0.1c0,0-0.1,0-0.1-0.1L2.1,14 l0.1-1.1C2.2,12.9,2.3,12.9,2.4,12.9C2.3,12.9,2.4,12.9,2.4,12.9z M3.1,12.2L3.3,14l-0.2,1.8c0,0.1,0,0.1-0.1,0.1 c-0.1,0-0.1,0-0.1-0.1L2.8,14L3,12.2C3,12.2,3,12.2,3.1,12.2C3.1,12.2,3.1,12.2,3.1,12.2z M3.9,11.9L4.1,14l-0.2,2.1 c0,0.1,0,0.1-0.1,0.1c-0.1,0-0.1,0-0.1-0.1L3.5,14l0.2-2.1c0-0.1,0-0.1,0.1-0.1C3.9,11.8,3.9,11.8,3.9,11.9z M4.7,11.9L4.9,14 l-0.2,2.1c0,0.1-0.1,0.1-0.1,0.1c-0.1,0-0.1,0-0.1-0.1L4.3,14l0.2-2.2c0-0.1,0-0.1,0.1-0.1C4.7,11.7,4.7,11.8,4.7,11.9z M5.6,12 l0.2,2l-0.2,2.1c0,0.1-0.1,0.1-0.1,0.1c0,0-0.1,0-0.1,0c0,0,0-0.1,0-0.1L5.1,14l0.2-2c0,0,0-0.1,0-0.1s0.1,0,0.1,0 C5.5,11.9,5.5,11.9,5.6,12L5.6,12z M6.4,10.7L6.6,14l-0.2,2.1c0,0,0,0.1,0,0.1c0,0-0.1,0-0.1,0c-0.1,0-0.1-0.1-0.2-0.2L5.9,14 l0.2-3.3c0-0.1,0.1-0.2,0.2-0.2c0,0,0.1,0,0.1,0C6.4,10.7,6.4,10.7,6.4,10.7z M7.2,10l0.2,4.1l-0.2,2.1c0,0,0,0.1,0,0.1 c0,0-0.1,0-0.1,0c-0.1,0-0.2-0.1-0.2-0.2l-0.1-2.1L6.8,10c0-0.1,0.1-0.2,0.2-0.2c0,0,0.1,0,0.1,0S7.2,9.9,7.2,10z M8,9.6L8.2,14 L8,16.1c0,0.1-0.1,0.2-0.2,0.2c-0.1,0-0.2-0.1-0.2-0.2L7.5,14l0.1-4.4c0-0.1,0-0.1,0.1-0.1c0,0,0.1-0.1,0.1-0.1c0.1,0,0.1,0,0.1,0.1 C8,9.6,8,9.6,8,9.6z M11.4,16.1L11.4,16.1L11.4,16.1z M9.7,9.6L9.8,14l-0.1,2.1c0,0.1,0,0.1-0.1,0.2s-0.1,0.1-0.2,0.1 c-0.1,0-0.1,0-0.1-0.1s-0.1-0.1-0.1-0.2L9.2,14l0.1-4.4c0-0.1,0-0.1,0.1-0.2s0.1-0.1,0.2-0.1c0.1,0,0.1,0,0.2,0.1S9.7,9.5,9.7,9.6 L9.7,9.6z M10.6,9.8l0.1,4.3l-0.1,2c0,0.1,0,0.1-0.1,0.2c0,0-0.1,0.1-0.2,0.1c-0.1,0-0.1,0-0.2-0.1c0,0-0.1-0.1-0.1-0.2L10,14 l0.1-4.3c0-0.1,0-0.1,0.1-0.2c0,0,0.1-0.1,0.2-0.1c0.1,0,0.1,0,0.2,0.1S10.6,9.7,10.6,9.8z M12.4,14l-0.1,2c0,0.1,0,0.1-0.1,0.2 c-0.1,0.1-0.1,0.1-0.2,0.1c-0.1,0-0.1,0-0.2-0.1c-0.1-0.1-0.1-0.1-0.1-0.2l-0.1-1l-0.1-1l0.1-5.5v0c0-0.1,0-0.2,0.1-0.2 c0.1,0,0.1-0.1,0.2-0.1c0,0,0.1,0,0.1,0c0.1,0,0.1,0.1,0.1,0.2L12.4,14z M22.1,13.9c0,0.7-0.2,1.3-0.7,1.7c-0.5,0.5-1.1,0.7-1.7,0.7 h-6.8c-0.1,0-0.1,0-0.2-0.1c-0.1-0.1-0.1-0.1-0.1-0.2V8.2c0-0.1,0.1-0.2,0.2-0.3c0.5-0.2,1-0.3,1.6-0.3c1.1,0,2.1,0.4,2.9,1.1 c0.8,0.8,1.3,1.7,1.4,2.8c0.3-0.1,0.6-0.2,1-0.2c0.7,0,1.3,0.2,1.7,0.7C21.8,12.6,22.1,13.2,22.1,13.9L22.1,13.9z\"><\/path><\/svg><span class=\"wp-block-social-link-label screen-reader-text\">SoundCloud<\/span><\/a><\/li>\n\n<li class=\"wp-social-link wp-social-link-spotify  wp-block-social-link\"><a href=\"https:\/\/open.spotify.com\/artist\/5814g2C4eUIngKIp1zRJrn?nd=1\" class=\"wp-block-social-link-anchor\"><svg width=\"24\" height=\"24\" viewbox=\"0 0 24 24\" version=\"1.1\" xmlns=\"http:\/\/www.w3.org\/2000\/svg\" aria-hidden=\"true\" focusable=\"false\"><path d=\"M12,2C6.477,2,2,6.477,2,12c0,5.523,4.477,10,10,10c5.523,0,10-4.477,10-10C22,6.477,17.523,2,12,2 M16.586,16.424 c-0.18,0.295-0.563,0.387-0.857,0.207c-2.348-1.435-5.304-1.76-8.785-0.964c-0.335,0.077-0.67-0.133-0.746-0.469 c-0.077-0.335,0.132-0.67,0.469-0.746c3.809-0.871,7.077-0.496,9.713,1.115C16.673,15.746,16.766,16.13,16.586,16.424 M17.81,13.7 c-0.226,0.367-0.706,0.482-1.072,0.257c-2.687-1.652-6.785-2.131-9.965-1.166C6.36,12.917,5.925,12.684,5.8,12.273 C5.675,11.86,5.908,11.425,6.32,11.3c3.632-1.102,8.147-0.568,11.234,1.328C17.92,12.854,18.035,13.335,17.81,13.7 M17.915,10.865 c-3.223-1.914-8.54-2.09-11.618-1.156C5.804,9.859,5.281,9.58,5.131,9.086C4.982,8.591,5.26,8.069,5.755,7.919 c3.532-1.072,9.404-0.865,13.115,1.338c0.445,0.264,0.59,0.838,0.327,1.282C18.933,10.983,18.359,11.129,17.915,10.865\"><\/path><\/svg><span class=\"wp-block-social-link-label screen-reader-text\">Spotify<\/span><\/a><\/li>\n\n<li class=\"wp-social-link wp-social-link-amazon  wp-block-social-link\"><a href=\"https:\/\/www.amazon.de\/music\/player\/artists\/B08YWKY8ZK\/chris-kaos\" class=\"wp-block-social-link-anchor\"><svg width=\"24\" height=\"24\" viewbox=\"0 0 24 24\" version=\"1.1\" xmlns=\"http:\/\/www.w3.org\/2000\/svg\" aria-hidden=\"true\" focusable=\"false\"><path d=\"M13.582,8.182C11.934,8.367,9.78,8.49,8.238,9.166c-1.781,0.769-3.03,2.337-3.03,4.644 c0,2.953,1.86,4.429,4.253,4.429c2.02,0,3.125-0.477,4.685-2.065c0.516,0.747,0.685,1.109,1.629,1.894 c0.212,0.114,0.483,0.103,0.672-0.066l0.006,0.006c0.567-0.505,1.599-1.401,2.18-1.888c0.231-0.188,0.19-0.496,0.009-0.754 c-0.52-0.718-1.072-1.303-1.072-2.634V8.305c0-1.876,0.133-3.599-1.249-4.891C15.23,2.369,13.422,2,12.04,2 C9.336,2,6.318,3.01,5.686,6.351C5.618,6.706,5.877,6.893,6.109,6.945l2.754,0.298C9.121,7.23,9.308,6.977,9.357,6.72 c0.236-1.151,1.2-1.706,2.284-1.706c0.584,0,1.249,0.215,1.595,0.738c0.398,0.584,0.346,1.384,0.346,2.061V8.182z M13.049,14.088 c-0.451,0.8-1.169,1.291-1.967,1.291c-1.09,0-1.728-0.83-1.728-2.061c0-2.42,2.171-2.86,4.227-2.86v0.615 C13.582,12.181,13.608,13.104,13.049,14.088z M20.683,19.339C18.329,21.076,14.917,22,11.979,22c-4.118,0-7.826-1.522-10.632-4.057 c-0.22-0.199-0.024-0.471,0.241-0.317c3.027,1.762,6.771,2.823,10.639,2.823c2.608,0,5.476-0.541,8.115-1.66 C20.739,18.62,21.072,19.051,20.683,19.339z M21.336,21.043c-0.194,0.163-0.379,0.076-0.293-0.139 c0.284-0.71,0.92-2.298,0.619-2.684c-0.301-0.386-1.99-0.183-2.749-0.092c-0.23,0.027-0.266-0.173-0.059-0.319 c1.348-0.946,3.555-0.673,3.811-0.356C22.925,17.773,22.599,19.986,21.336,21.043z\"><\/path><\/svg><span class=\"wp-block-social-link-label screen-reader-text\">Amazon<\/span><\/a><\/li>\n\n<li class=\"wp-social-link wp-social-link-youtube  wp-block-social-link\"><a href=\"https:\/\/www.youtube.com\/channel\/UCXFdWOyY_I598TQ-pn31GFw\" class=\"wp-block-social-link-anchor\"><svg width=\"24\" height=\"24\" viewbox=\"0 0 24 24\" version=\"1.1\" xmlns=\"http:\/\/www.w3.org\/2000\/svg\" aria-hidden=\"true\" focusable=\"false\"><path d=\"M21.8,8.001c0,0-0.195-1.378-0.795-1.985c-0.76-0.797-1.613-0.801-2.004-0.847c-2.799-0.202-6.997-0.202-6.997-0.202 h-0.009c0,0-4.198,0-6.997,0.202C4.608,5.216,3.756,5.22,2.995,6.016C2.395,6.623,2.2,8.001,2.2,8.001S2,9.62,2,11.238v1.517 c0,1.618,0.2,3.237,0.2,3.237s0.195,1.378,0.795,1.985c0.761,0.797,1.76,0.771,2.205,0.855c1.6,0.153,6.8,0.201,6.8,0.201 s4.203-0.006,7.001-0.209c0.391-0.047,1.243-0.051,2.004-0.847c0.6-0.607,0.795-1.985,0.795-1.985s0.2-1.618,0.2-3.237v-1.517 C22,9.62,21.8,8.001,21.8,8.001z M9.935,14.594l-0.001-5.62l5.404,2.82L9.935,14.594z\"><\/path><\/svg><span class=\"wp-block-social-link-label screen-reader-text\">YouTube<\/span><\/a><\/li>\n\n<li class=\"wp-social-link wp-social-link-feed  wp-block-social-link\"><a href=\"https:\/\/itunes.apple.com\/artist\/1517678979\" class=\"wp-block-social-link-anchor\"><svg width=\"24\" height=\"24\" viewbox=\"0 0 24 24\" version=\"1.1\" xmlns=\"http:\/\/www.w3.org\/2000\/svg\" aria-hidden=\"true\" focusable=\"false\"><path d=\"M2,8.667V12c5.515,0,10,4.485,10,10h3.333C15.333,14.637,9.363,8.667,2,8.667z M2,2v3.333 c9.19,0,16.667,7.477,16.667,16.667H22C22,10.955,13.045,2,2,2z M4.5,17C3.118,17,2,18.12,2,19.5S3.118,22,4.5,22S7,20.88,7,19.5 S5.882,17,4.5,17z\"><\/path><\/svg><span class=\"wp-block-social-link-label screen-reader-text\">RSS Feed<\/span><\/a><\/li><\/ul>\n<\/div>\n\n\n\n<figure class=\"wp-block-image size-full\"><img loading=\"lazy\" decoding=\"async\" width=\"192\" height=\"96\" src=\"https:\/\/kaos84.com\/wp-content\/uploads\/2024\/02\/IMG_0682.jpeg\" alt=\"\" class=\"wp-image-15593\" srcset=\"https:\/\/kaos84.com\/wp-content\/uploads\/2024\/02\/IMG_0682.jpeg 192w, https:\/\/kaos84.com\/wp-content\/uploads\/2024\/02\/IMG_0682-18x9.jpeg 18w\" sizes=\"auto, (max-width: 192px) 100vw, 192px\" \/><\/figure>\n\n\n\n<div class=\"wp-block-columns is-layout-flex wp-container-core-columns-is-layout-28f84493 wp-block-columns-is-layout-flex\">\n<div class=\"wp-block-column is-layout-flow wp-block-column-is-layout-flow\">\n<figure class=\"wp-block-image size-full\"><a href=\"https:\/\/kaos84.com\/en\/album-releases\/\"><img loading=\"lazy\" decoding=\"async\" width=\"1024\" height=\"1024\" src=\"https:\/\/kaos84.com\/wp-content\/uploads\/2024\/02\/IMG_0700.jpeg\" alt=\"\" class=\"wp-image-15662\" srcset=\"https:\/\/kaos84.com\/wp-content\/uploads\/2024\/02\/IMG_0700.jpeg 1024w, https:\/\/kaos84.com\/wp-content\/uploads\/2024\/02\/IMG_0700-300x300.jpeg 300w, https:\/\/kaos84.com\/wp-content\/uploads\/2024\/02\/IMG_0700-150x150.jpeg 150w, https:\/\/kaos84.com\/wp-content\/uploads\/2024\/02\/IMG_0700-768x768.jpeg 768w, https:\/\/kaos84.com\/wp-content\/uploads\/2024\/02\/IMG_0700-12x12.jpeg 12w\" sizes=\"auto, (max-width: 1024px) 100vw, 1024px\" \/><\/a><\/figure>\n<\/div>\n\n\n\n<div class=\"wp-block-column is-layout-flow wp-block-column-is-layout-flow\">\n<figure class=\"wp-block-image size-full\"><a href=\"https:\/\/kaos84.com\/en\/beat-releases\/\"><img loading=\"lazy\" decoding=\"async\" width=\"1024\" height=\"1024\" src=\"https:\/\/kaos84.com\/wp-content\/uploads\/2024\/02\/IMG_0702.jpeg\" alt=\"\" class=\"wp-image-15663\" srcset=\"https:\/\/kaos84.com\/wp-content\/uploads\/2024\/02\/IMG_0702.jpeg 1024w, https:\/\/kaos84.com\/wp-content\/uploads\/2024\/02\/IMG_0702-300x300.jpeg 300w, https:\/\/kaos84.com\/wp-content\/uploads\/2024\/02\/IMG_0702-150x150.jpeg 150w, https:\/\/kaos84.com\/wp-content\/uploads\/2024\/02\/IMG_0702-768x768.jpeg 768w, https:\/\/kaos84.com\/wp-content\/uploads\/2024\/02\/IMG_0702-12x12.jpeg 12w\" sizes=\"auto, (max-width: 1024px) 100vw, 1024px\" \/><\/a><\/figure>\n<\/div>\n<\/div>\n\n\n\n<div class=\"wp-block-columns is-layout-flex wp-container-core-columns-is-layout-28f84493 wp-block-columns-is-layout-flex\">\n<div class=\"wp-block-column is-layout-flow wp-block-column-is-layout-flow\">\n<figure class=\"wp-block-image size-full\"><a href=\"https:\/\/kaos84.com\/en\/mixes-livesets\/\"><img loading=\"lazy\" decoding=\"async\" width=\"1024\" height=\"1024\" src=\"https:\/\/kaos84.com\/wp-content\/uploads\/2024\/02\/IMG_0701.jpeg\" alt=\"\" class=\"wp-image-15664\" srcset=\"https:\/\/kaos84.com\/wp-content\/uploads\/2024\/02\/IMG_0701.jpeg 1024w, https:\/\/kaos84.com\/wp-content\/uploads\/2024\/02\/IMG_0701-300x300.jpeg 300w, https:\/\/kaos84.com\/wp-content\/uploads\/2024\/02\/IMG_0701-150x150.jpeg 150w, https:\/\/kaos84.com\/wp-content\/uploads\/2024\/02\/IMG_0701-768x768.jpeg 768w, https:\/\/kaos84.com\/wp-content\/uploads\/2024\/02\/IMG_0701-12x12.jpeg 12w\" sizes=\"auto, (max-width: 1024px) 100vw, 1024px\" \/><\/a><\/figure>\n<\/div>\n\n\n\n<div class=\"wp-block-column is-layout-flow wp-block-column-is-layout-flow\">\n<figure class=\"wp-block-image size-full\"><a href=\"https:\/\/kaos84.com\/en\/music-videos\/\"><img loading=\"lazy\" decoding=\"async\" width=\"1024\" height=\"1024\" src=\"https:\/\/kaos84.com\/wp-content\/uploads\/2024\/02\/IMG_0819.jpeg\" alt=\"\" class=\"wp-image-15944\" srcset=\"https:\/\/kaos84.com\/wp-content\/uploads\/2024\/02\/IMG_0819.jpeg 1024w, https:\/\/kaos84.com\/wp-content\/uploads\/2024\/02\/IMG_0819-300x300.jpeg 300w, https:\/\/kaos84.com\/wp-content\/uploads\/2024\/02\/IMG_0819-150x150.jpeg 150w, https:\/\/kaos84.com\/wp-content\/uploads\/2024\/02\/IMG_0819-768x768.jpeg 768w, https:\/\/kaos84.com\/wp-content\/uploads\/2024\/02\/IMG_0819-12x12.jpeg 12w\" sizes=\"auto, (max-width: 1024px) 100vw, 1024px\" \/><\/a><\/figure>\n<\/div>\n<\/div>\n\n\n\n<p>  <\/p>\n\n\n\n<p> <\/p>\n<\/div>\n<\/div>\n\n\n\n<figure class=\"wp-block-image size-full\"><img loading=\"lazy\" decoding=\"async\" width=\"192\" height=\"96\" src=\"https:\/\/kaos84.com\/wp-content\/uploads\/2024\/02\/IMG_0682.jpeg\" alt=\"\" class=\"wp-image-15593\" srcset=\"https:\/\/kaos84.com\/wp-content\/uploads\/2024\/02\/IMG_0682.jpeg 192w, https:\/\/kaos84.com\/wp-content\/uploads\/2024\/02\/IMG_0682-18x9.jpeg 18w\" sizes=\"auto, (max-width: 192px) 100vw, 192px\" \/><\/figure>\n\n\n\n<p><\/p>","protected":false},"excerpt":{"rendered":"<p>Willkommen in meinem akustischen Universum! Hier teile ich meine musikalischen Kreationen, die von elektronischen Tracks und Beats bis hin zu experimentellen Kl\u00e4ngen reichen. Die \u00e4ltesten ver\u00f6ffentlichten Tracks kommen aus dem Jahr 2004. Mein Klangspektrum hat Einfl\u00fcsse von klassischem Techno, Acid, Minimal und auch Detroit sowie Psy-Elementen und hypnotischem Touch. Mittlerweile kreiere ich auch Instrumental Beats, [&hellip;]<\/p>\n","protected":false},"author":1,"featured_media":0,"parent":0,"menu_order":0,"comment_status":"closed","ping_status":"closed","template":"","meta":{"footnotes":""},"class_list":["post-15","page","type-page","status-publish","hentry"],"_links":{"self":[{"href":"https:\/\/kaos84.com\/en\/wp-json\/wp\/v2\/pages\/15","targetHints":{"allow":["GET"]}}],"collection":[{"href":"https:\/\/kaos84.com\/en\/wp-json\/wp\/v2\/pages"}],"about":[{"href":"https:\/\/kaos84.com\/en\/wp-json\/wp\/v2\/types\/page"}],"author":[{"embeddable":true,"href":"https:\/\/kaos84.com\/en\/wp-json\/wp\/v2\/users\/1"}],"replies":[{"embeddable":true,"href":"https:\/\/kaos84.com\/en\/wp-json\/wp\/v2\/comments?post=15"}],"version-history":[{"count":190,"href":"https:\/\/kaos84.com\/en\/wp-json\/wp\/v2\/pages\/15\/revisions"}],"predecessor-version":[{"id":16010,"href":"https:\/\/kaos84.com\/en\/wp-json\/wp\/v2\/pages\/15\/revisions\/16010"}],"wp:attachment":[{"href":"https:\/\/kaos84.com\/en\/wp-json\/wp\/v2\/media?parent=15"}],"curies":[{"name":"wp","href":"https:\/\/api.w.org\/{rel}","templated":true}]}}