{"id":14115,"date":"2022-04-06T13:43:09","date_gmt":"2022-04-06T13:43:09","guid":{"rendered":"https:\/\/kaos84.com\/?page_id=14115"},"modified":"2025-12-03T18:06:05","modified_gmt":"2025-12-03T18:06:05","slug":"art-anthology","status":"publish","type":"page","link":"https:\/\/kaos84.com\/en\/art-anthology\/","title":{"rendered":"ART ANTHOLOGY"},"content":{"rendered":"<div class=\"wp-block-columns alignwide is-layout-flex wp-container-core-columns-is-layout-28f84493 wp-block-columns-is-layout-flex\">\n<div class=\"wp-block-column is-layout-flow wp-block-column-is-layout-flow\">\n<figure class=\"wp-block-image size-full\"><img loading=\"lazy\" decoding=\"async\" width=\"192\" height=\"96\" src=\"https:\/\/kaos84.com\/wp-content\/uploads\/2024\/02\/IMG_0682.jpeg\" alt=\"\" class=\"wp-image-15593\" srcset=\"https:\/\/kaos84.com\/wp-content\/uploads\/2024\/02\/IMG_0682.jpeg 192w, https:\/\/kaos84.com\/wp-content\/uploads\/2024\/02\/IMG_0682-18x9.jpeg 18w\" sizes=\"auto, (max-width: 192px) 100vw, 192px\" \/><\/figure>\n\n\n\n<p>Participation in \u201cArt Anthology IV &amp; VII - Madrid Edition.\u201d These were book publications and vernissages in Madrid for artists from various disciplines. A big thank you to the team at Guto Ajayu Culture, the main organizers, for their excellent cooperation. Here you can see excerpts from the books. In addition to the limited print editions, you can find the PDF versions free of charge on the following website.<\/p>\n\n\n\n<p><a href=\"https:\/\/gutoajayuculture.com\/\"><strong>gutoajayuculture.com<\/strong><\/a><\/p>\n\n\n\n<figure class=\"wp-block-image size-full\"><img loading=\"lazy\" decoding=\"async\" width=\"192\" height=\"96\" src=\"https:\/\/kaos84.com\/wp-content\/uploads\/2024\/02\/IMG_0682.jpeg\" alt=\"\" class=\"wp-image-15593\" srcset=\"https:\/\/kaos84.com\/wp-content\/uploads\/2024\/02\/IMG_0682.jpeg 192w, https:\/\/kaos84.com\/wp-content\/uploads\/2024\/02\/IMG_0682-18x9.jpeg 18w\" sizes=\"auto, (max-width: 192px) 100vw, 192px\" \/><\/figure>\n\n\n<style type=\"text\/css\">\n#foogallery-gallery-16194 .fg-image { width: 200px; }<\/style>\n\t\t\t<style type=\"text\/css\">\n#foogallery-gallery-16194_1 .fg-image { width: 200px; }<\/style>\n\t\t\t<div class=\"foogallery foogallery-container foogallery-carousel foogallery-lightbox-foogallery fg-carousel fg-ready fg-light fg-border-medium fg-round-small fg-shadow-medium fg-loading-default fg-loaded-fade-in fg-hover-semi-zoomed fg-hover-fade fg-hover-circle-plus2\" id=\"foogallery-gallery-16194_1\" data-foogallery=\"{&quot;item&quot;:{&quot;showCaptionTitle&quot;:true,&quot;showCaptionDescription&quot;:true},&quot;lazy&quot;:false,&quot;src&quot;:&quot;src&quot;,&quot;srcset&quot;:&quot;srcset&quot;,&quot;template&quot;:{&quot;maxItems&quot;:5,&quot;scale&quot;:0.12,&quot;gutter&quot;:{&quot;min&quot;:-40,&quot;max&quot;:-20,&quot;unit&quot;:&quot;%&quot;},&quot;autoplay&quot;:{&quot;time&quot;:0,&quot;interaction&quot;:&quot;pause&quot;},&quot;centerOnClick&quot;:true,&quot;align&quot;:&quot;center&quot;,&quot;activePosition&quot;:&quot;center&quot;}}\" data-foogallery-lightbox=\"{&quot;thumbs&quot;:&quot;bottom&quot;,&quot;thumbsCaptions&quot;:false,&quot;thumbsBestFit&quot;:false,&quot;thumbsSmall&quot;:false,&quot;thumbsCaptionsAlign&quot;:&quot;default&quot;,&quot;info&quot;:&quot;bottom&quot;,&quot;infoVisible&quot;:true,&quot;infoOverlay&quot;:true,&quot;infoAlign&quot;:&quot;default&quot;,&quot;transition&quot;:&quot;fade&quot;,&quot;hoverButtons&quot;:false,&quot;fitMedia&quot;:false,&quot;noScrollbars&quot;:true,&quot;preserveButtonSpace&quot;:true,&quot;buttons&quot;:{&quot;fullscreen&quot;:true,&quot;info&quot;:true,&quot;thumbs&quot;:false},&quot;video&quot;:{&quot;autoPlay&quot;:true}}\" style=\"--fg-title-line-clamp: 1; --fg-description-line-clamp: 2;\" >\n\t<button type=\"button\" class=\"fg-carousel-prev\" title=\"Previous\"><\/button>\n\t<div class=\"fg-carousel-inner\">\n\t\t<div class=\"fg-carousel-center\"><\/div>\n\t\t<div class=\"fg-item fg-type-image fg-loaded\"><figure class=\"fg-item-inner\"><a href=\"https:\/\/kaos84.com\/wp-content\/uploads\/2025\/12\/IMG_0151.jpeg\" data-attachment-id=\"16212\" data-type=\"image\" class=\"fg-thumb\"><span class=\"fg-image-wrap\"><img decoding=\"async\" src=\"https:\/\/kaos84.com\/wp-content\/uploads\/cache\/2025\/12\/IMG_0151\/624899681.jpeg\" width=\"200\" height=\"200\" srcset=\"https:\/\/kaos84.com\/wp-content\/uploads\/cache\/2025\/12\/IMG_0151\/731638080.jpeg 2x\" class=\"skip-lazy fg-image\" loading=\"eager\"><\/span><span class=\"fg-image-overlay\"><\/span><\/a><\/figure><div class=\"fg-loader\"><\/div><\/div><div class=\"fg-item fg-type-image fg-loaded\"><figure class=\"fg-item-inner\"><a href=\"https:\/\/kaos84.com\/wp-content\/uploads\/2025\/12\/IMG_0147-1.jpeg\" data-attachment-id=\"16196\" data-type=\"image\" class=\"fg-thumb\"><span class=\"fg-image-wrap\"><img decoding=\"async\" src=\"https:\/\/kaos84.com\/wp-content\/uploads\/cache\/2025\/12\/IMG_0147-1\/92011427.jpeg\" width=\"200\" height=\"200\" srcset=\"https:\/\/kaos84.com\/wp-content\/uploads\/cache\/2025\/12\/IMG_0147-1\/2804772964.jpeg 2x\" class=\"skip-lazy fg-image\" loading=\"eager\"><\/span><span class=\"fg-image-overlay\"><\/span><\/a><\/figure><div class=\"fg-loader\"><\/div><\/div><div class=\"fg-item fg-type-image fg-loaded\"><figure class=\"fg-item-inner\"><a href=\"https:\/\/kaos84.com\/wp-content\/uploads\/2025\/12\/IMG_0139.jpeg\" data-attachment-id=\"16197\" data-type=\"image\" class=\"fg-thumb\"><span class=\"fg-image-wrap\"><img decoding=\"async\" src=\"https:\/\/kaos84.com\/wp-content\/uploads\/cache\/2025\/12\/IMG_0139\/3441873514.jpeg\" width=\"200\" height=\"200\" srcset=\"https:\/\/kaos84.com\/wp-content\/uploads\/cache\/2025\/12\/IMG_0139\/2463234275.jpeg 2x\" class=\"skip-lazy fg-image\" loading=\"eager\"><\/span><span class=\"fg-image-overlay\"><\/span><\/a><\/figure><div class=\"fg-loader\"><\/div><\/div>\t<\/div>\n\t<div class=\"fg-carousel-bottom\"><\/div>\n\t<div class=\"fg-carousel-progress\"><\/div>\n\t<button type=\"button\" class=\"fg-carousel-next\" title=\"Vor\"><\/button>\n<\/div>\n\n\n\n<figure class=\"wp-block-image size-full\"><img loading=\"lazy\" decoding=\"async\" width=\"192\" height=\"96\" src=\"https:\/\/kaos84.com\/wp-content\/uploads\/2024\/02\/IMG_0682.jpeg\" alt=\"\" class=\"wp-image-15593\" srcset=\"https:\/\/kaos84.com\/wp-content\/uploads\/2024\/02\/IMG_0682.jpeg 192w, https:\/\/kaos84.com\/wp-content\/uploads\/2024\/02\/IMG_0682-18x9.jpeg 18w\" sizes=\"auto, (max-width: 192px) 100vw, 192px\" \/><\/figure>\n\n\n<style type=\"text\/css\">\n#foogallery-gallery-16188 .fg-image { width: 200px; }<\/style>\n\t\t\t<style type=\"text\/css\">\n#foogallery-gallery-16188_1 .fg-image { width: 200px; }<\/style>\n\t\t\t<div class=\"foogallery foogallery-container foogallery-carousel foogallery-lightbox-foogallery fg-carousel fg-ready fg-light fg-border-medium fg-round-small fg-shadow-medium fg-loading-default fg-loaded-fade-in fg-hover-semi-zoomed fg-hover-fade fg-hover-circle-plus2\" id=\"foogallery-gallery-16188_1\" data-foogallery=\"{&quot;item&quot;:{&quot;showCaptionTitle&quot;:true,&quot;showCaptionDescription&quot;:true},&quot;lazy&quot;:false,&quot;src&quot;:&quot;src&quot;,&quot;srcset&quot;:&quot;srcset&quot;,&quot;template&quot;:{&quot;maxItems&quot;:5,&quot;scale&quot;:0.12,&quot;gutter&quot;:{&quot;min&quot;:-40,&quot;max&quot;:-20,&quot;unit&quot;:&quot;%&quot;},&quot;autoplay&quot;:{&quot;time&quot;:0,&quot;interaction&quot;:&quot;pause&quot;},&quot;centerOnClick&quot;:true,&quot;align&quot;:&quot;center&quot;,&quot;activePosition&quot;:&quot;center&quot;}}\" data-foogallery-lightbox=\"{&quot;thumbs&quot;:&quot;bottom&quot;,&quot;thumbsCaptions&quot;:false,&quot;thumbsBestFit&quot;:false,&quot;thumbsSmall&quot;:false,&quot;thumbsCaptionsAlign&quot;:&quot;default&quot;,&quot;info&quot;:&quot;bottom&quot;,&quot;infoVisible&quot;:true,&quot;infoOverlay&quot;:true,&quot;infoAlign&quot;:&quot;default&quot;,&quot;transition&quot;:&quot;fade&quot;,&quot;hoverButtons&quot;:false,&quot;fitMedia&quot;:false,&quot;noScrollbars&quot;:true,&quot;preserveButtonSpace&quot;:true,&quot;buttons&quot;:{&quot;fullscreen&quot;:true,&quot;info&quot;:true,&quot;thumbs&quot;:false},&quot;video&quot;:{&quot;autoPlay&quot;:true}}\" style=\"--fg-title-line-clamp: 1; --fg-description-line-clamp: 2;\" >\n\t<button type=\"button\" class=\"fg-carousel-prev\" title=\"Previous\"><\/button>\n\t<div class=\"fg-carousel-inner\">\n\t\t<div class=\"fg-carousel-center\"><\/div>\n\t\t<div class=\"fg-item fg-type-image fg-loaded\"><figure class=\"fg-item-inner\"><a href=\"https:\/\/kaos84.com\/wp-content\/uploads\/2025\/12\/IMG_0138.jpeg\" data-attachment-id=\"16199\" data-type=\"image\" class=\"fg-thumb\"><span class=\"fg-image-wrap\"><img decoding=\"async\" src=\"https:\/\/kaos84.com\/wp-content\/uploads\/cache\/2025\/12\/IMG_0138\/183719882.jpeg\" width=\"200\" height=\"200\" srcset=\"https:\/\/kaos84.com\/wp-content\/uploads\/cache\/2025\/12\/IMG_0138\/72845547.jpeg 2x\" class=\"skip-lazy fg-image\" loading=\"eager\"><\/span><span class=\"fg-image-overlay\"><\/span><\/a><\/figure><div class=\"fg-loader\"><\/div><\/div><div class=\"fg-item fg-type-image fg-loaded\"><figure class=\"fg-item-inner\"><a href=\"https:\/\/kaos84.com\/wp-content\/uploads\/2025\/12\/IMG_0142.jpeg\" data-attachment-id=\"16200\" data-type=\"image\" class=\"fg-thumb\"><span class=\"fg-image-wrap\"><img decoding=\"async\" src=\"https:\/\/kaos84.com\/wp-content\/uploads\/cache\/2025\/12\/IMG_0142\/1326682257.jpeg\" width=\"200\" height=\"200\" srcset=\"https:\/\/kaos84.com\/wp-content\/uploads\/cache\/2025\/12\/IMG_0142\/283425304.jpeg 2x\" class=\"skip-lazy fg-image\" loading=\"eager\"><\/span><span class=\"fg-image-overlay\"><\/span><\/a><\/figure><div class=\"fg-loader\"><\/div><\/div><div class=\"fg-item fg-type-image fg-loaded\"><figure class=\"fg-item-inner\"><a href=\"https:\/\/kaos84.com\/wp-content\/uploads\/2025\/12\/IMG_0143.jpeg\" data-attachment-id=\"16191\" data-type=\"image\" class=\"fg-thumb\"><span class=\"fg-image-wrap\"><img decoding=\"async\" src=\"https:\/\/kaos84.com\/wp-content\/uploads\/cache\/2025\/12\/IMG_0143\/3142336770.jpeg\" width=\"200\" height=\"200\" srcset=\"https:\/\/kaos84.com\/wp-content\/uploads\/cache\/2025\/12\/IMG_0143\/3837488011.jpeg 2x\" class=\"skip-lazy fg-image\" loading=\"eager\"><\/span><span class=\"fg-image-overlay\"><\/span><\/a><\/figure><div class=\"fg-loader\"><\/div><\/div><div class=\"fg-item fg-type-image fg-loaded\"><figure class=\"fg-item-inner\"><a href=\"https:\/\/kaos84.com\/wp-content\/uploads\/2025\/12\/IMG_0149.jpeg\" data-attachment-id=\"16192\" data-type=\"image\" class=\"fg-thumb\"><span class=\"fg-image-wrap\"><img decoding=\"async\" src=\"https:\/\/kaos84.com\/wp-content\/uploads\/cache\/2025\/12\/IMG_0149\/1875348993.jpeg\" width=\"200\" height=\"200\" srcset=\"https:\/\/kaos84.com\/wp-content\/uploads\/cache\/2025\/12\/IMG_0149\/808494216.jpeg 2x\" class=\"skip-lazy fg-image\" loading=\"eager\"><\/span><span class=\"fg-image-overlay\"><\/span><\/a><\/figure><div class=\"fg-loader\"><\/div><\/div><div class=\"fg-item fg-type-image fg-loaded\"><figure class=\"fg-item-inner\"><a href=\"https:\/\/kaos84.com\/wp-content\/uploads\/2025\/12\/IMG_0140.jpeg\" data-attachment-id=\"16193\" data-type=\"image\" class=\"fg-thumb\"><span class=\"fg-image-wrap\"><img decoding=\"async\" src=\"https:\/\/kaos84.com\/wp-content\/uploads\/cache\/2025\/12\/IMG_0140\/4228318417.jpeg\" width=\"200\" height=\"200\" srcset=\"https:\/\/kaos84.com\/wp-content\/uploads\/cache\/2025\/12\/IMG_0140\/2750426712.jpeg 2x\" class=\"skip-lazy fg-image\" loading=\"eager\"><\/span><span class=\"fg-image-overlay\"><\/span><\/a><\/figure><div class=\"fg-loader\"><\/div><\/div>\t<\/div>\n\t<div class=\"fg-carousel-bottom\"><\/div>\n\t<div class=\"fg-carousel-progress\"><\/div>\n\t<button type=\"button\" class=\"fg-carousel-next\" title=\"Vor\"><\/button>\n<\/div>\n\n\n\n<figure class=\"wp-block-image size-full\"><img loading=\"lazy\" decoding=\"async\" width=\"192\" height=\"96\" src=\"https:\/\/kaos84.com\/wp-content\/uploads\/2024\/02\/IMG_0682.jpeg\" alt=\"\" class=\"wp-image-15593\" srcset=\"https:\/\/kaos84.com\/wp-content\/uploads\/2024\/02\/IMG_0682.jpeg 192w, https:\/\/kaos84.com\/wp-content\/uploads\/2024\/02\/IMG_0682-18x9.jpeg 18w\" sizes=\"auto, (max-width: 192px) 100vw, 192px\" \/><\/figure>\n<\/div>\n<\/div>\n\n\n\n<p><\/p>\n\n\n\n<p><\/p>","protected":false},"excerpt":{"rendered":"<p>Teilnahme bei &#8220;Art Anthology IV &amp; VII &#8211; Madrid Edition&#8221;. Dies waren Buchver\u00f6ffentlichungen und Vernissagen in Madrid f\u00fcr K\u00fcnstler verschiedener Disziplinen. Ein gro\u00dfes Danke an das Team um Guto Ajayu Culture, den Hauptveranstaltern, f\u00fcr die gute Zusammenarbeit. Ihr seht hier Ausz\u00fcge aus den B\u00fcchern. Neben den wenig gedruckten Ausgaben k\u00f6nnt Ihr die PDF-Versionen kostenlos auf [&hellip;]<\/p>\n","protected":false},"author":1,"featured_media":0,"parent":0,"menu_order":0,"comment_status":"closed","ping_status":"closed","template":"","meta":{"footnotes":""},"class_list":["post-14115","page","type-page","status-publish","hentry"],"_links":{"self":[{"href":"https:\/\/kaos84.com\/en\/wp-json\/wp\/v2\/pages\/14115","targetHints":{"allow":["GET"]}}],"collection":[{"href":"https:\/\/kaos84.com\/en\/wp-json\/wp\/v2\/pages"}],"about":[{"href":"https:\/\/kaos84.com\/en\/wp-json\/wp\/v2\/types\/page"}],"author":[{"embeddable":true,"href":"https:\/\/kaos84.com\/en\/wp-json\/wp\/v2\/users\/1"}],"replies":[{"embeddable":true,"href":"https:\/\/kaos84.com\/en\/wp-json\/wp\/v2\/comments?post=14115"}],"version-history":[{"count":31,"href":"https:\/\/kaos84.com\/en\/wp-json\/wp\/v2\/pages\/14115\/revisions"}],"predecessor-version":[{"id":16210,"href":"https:\/\/kaos84.com\/en\/wp-json\/wp\/v2\/pages\/14115\/revisions\/16210"}],"wp:attachment":[{"href":"https:\/\/kaos84.com\/en\/wp-json\/wp\/v2\/media?parent=14115"}],"curies":[{"name":"wp","href":"https:\/\/api.w.org\/{rel}","templated":true}]}}